{"id":99611,"date":"2023-06-05T08:38:12","date_gmt":"2023-06-05T12:38:12","guid":{"rendered":"https:\/\/jardinierparesseux.com\/?post_type=product&#038;p=99611"},"modified":"2023-07-20T13:46:57","modified_gmt":"2023-07-20T17:46:57","slug":"le-paresseux-dans-les-fleurs","status":"publish","type":"product","link":"https:\/\/jardinierparesseux.com\/en\/produit\/le-paresseux-dans-les-fleurs\/","title":{"rendered":"Tasse en c\u00e9ramique blanche 325 ml (11 oz) &#8211; Le paresseux dans les fleurs"},"content":{"rendered":"<p>Superbe tasse vivante et color\u00e9e.&nbsp;<\/p>\n","protected":false},"excerpt":{"rendered":"<p>Superbe tasse vivante et color\u00e9e.&nbsp;<\/p>\n","protected":false},"featured_media":99612,"comment_status":"open","ping_status":"closed","template":"","meta":{"_acf_changed":false,"jetpack_publicize_message":"","jetpack_publicize_feature_enabled":true,"jetpack_social_post_already_shared":false,"jetpack_social_options":{"image_generator_settings":{"template":"highway","default_image_id":0,"font":"","enabled":false},"version":2}},"product_brand":[],"product_cat":[],"product_tag":[],"class_list":{"0":"post-99611","1":"product","2":"type-product","3":"status-publish","4":"has-post-thumbnail","7":"first","8":"instock","9":"taxable","10":"shipping-taxable","11":"purchasable","12":"product-type-simple"},"pp_statuses_selecting_workflow":false,"pp_workflow_action":"current","pp_status_selection":"publish","acf":[],"yoast_head":"<!-- This site is optimized with the Yoast SEO Premium plugin v27.4 (Yoast SEO v27.4) - https:\/\/yoast.com\/product\/yoast-seo-premium-wordpress\/ -->\n<title>Tasse en c\u00e9ramique blanche 325 ml (11 oz) - Le paresseux dans les fleurs - Jardinier paresseux<\/title>\n<meta name=\"robots\" content=\"index, follow, max-snippet:-1, max-image-preview:large, max-video-preview:-1\" \/>\n<link rel=\"canonical\" href=\"https:\/\/jardinierparesseux.com\/en\/produit\/le-paresseux-dans-les-fleurs\/\" \/>\n<meta property=\"og:locale\" content=\"en_US\" \/>\n<meta property=\"og:type\" content=\"article\" \/>\n<meta property=\"og:title\" content=\"Tasse en c\u00e9ramique blanche 325 ml (11 oz) - Le paresseux dans les fleurs\" \/>\n<meta property=\"og:description\" content=\"Superbe tasse vivante et color\u00e9e.&nbsp;\" \/>\n<meta property=\"og:url\" content=\"https:\/\/jardinierparesseux.com\/en\/produit\/le-paresseux-dans-les-fleurs\/\" \/>\n<meta property=\"og:site_name\" content=\"Jardinier paresseux\" \/>\n<meta property=\"article:publisher\" content=\"https:\/\/www.facebook.com\/JardinierParesseux\" \/>\n<meta property=\"article:modified_time\" content=\"2023-07-20T17:46:57+00:00\" \/>\n<meta property=\"og:image\" content=\"https:\/\/jardinierparesseux.com\/wp-content\/uploads\/2023\/06\/0d128a95-300c-44b0-948e-0675022cb591.jpg\" \/>\n\t<meta property=\"og:image:width\" content=\"2048\" \/>\n\t<meta property=\"og:image:height\" content=\"2048\" \/>\n\t<meta property=\"og:image:type\" content=\"image\/jpeg\" \/>\n<meta name=\"twitter:card\" content=\"summary_large_image\" \/>\n<meta name=\"twitter:site\" content=\"@jardinierpares1\" \/>\n<script type=\"application\/ld+json\" class=\"yoast-schema-graph\">{\"@context\":\"https:\\\/\\\/schema.org\",\"@graph\":[{\"@type\":\"WebPage\",\"@id\":\"https:\\\/\\\/jardinierparesseux.com\\\/en\\\/produit\\\/le-paresseux-dans-les-fleurs\\\/\",\"url\":\"https:\\\/\\\/jardinierparesseux.com\\\/en\\\/produit\\\/le-paresseux-dans-les-fleurs\\\/\",\"name\":\"Tasse en c\u00e9ramique blanche 325 ml (11 oz) - Le paresseux dans les fleurs - Jardinier paresseux\",\"isPartOf\":{\"@id\":\"https:\\\/\\\/jardinierparesseux.com\\\/#website\"},\"primaryImageOfPage\":{\"@id\":\"https:\\\/\\\/jardinierparesseux.com\\\/en\\\/produit\\\/le-paresseux-dans-les-fleurs\\\/#primaryimage\"},\"image\":{\"@id\":\"https:\\\/\\\/jardinierparesseux.com\\\/en\\\/produit\\\/le-paresseux-dans-les-fleurs\\\/#primaryimage\"},\"thumbnailUrl\":\"https:\\\/\\\/jardinierparesseux.com\\\/wp-content\\\/uploads\\\/2023\\\/06\\\/0d128a95-300c-44b0-948e-0675022cb591.jpg\",\"datePublished\":\"2023-06-05T12:38:12+00:00\",\"dateModified\":\"2023-07-20T17:46:57+00:00\",\"breadcrumb\":{\"@id\":\"https:\\\/\\\/jardinierparesseux.com\\\/en\\\/produit\\\/le-paresseux-dans-les-fleurs\\\/#breadcrumb\"},\"inLanguage\":\"en-US\",\"potentialAction\":[{\"@type\":\"ReadAction\",\"target\":[\"https:\\\/\\\/jardinierparesseux.com\\\/en\\\/produit\\\/le-paresseux-dans-les-fleurs\\\/\"]}]},{\"@type\":\"ImageObject\",\"inLanguage\":\"en-US\",\"@id\":\"https:\\\/\\\/jardinierparesseux.com\\\/en\\\/produit\\\/le-paresseux-dans-les-fleurs\\\/#primaryimage\",\"url\":\"https:\\\/\\\/jardinierparesseux.com\\\/wp-content\\\/uploads\\\/2023\\\/06\\\/0d128a95-300c-44b0-948e-0675022cb591.jpg\",\"contentUrl\":\"https:\\\/\\\/jardinierparesseux.com\\\/wp-content\\\/uploads\\\/2023\\\/06\\\/0d128a95-300c-44b0-948e-0675022cb591.jpg\",\"width\":2048,\"height\":2048,\"caption\":\"0d128a95-300c-44b0-948e-0675022cb591\"},{\"@type\":\"BreadcrumbList\",\"@id\":\"https:\\\/\\\/jardinierparesseux.com\\\/en\\\/produit\\\/le-paresseux-dans-les-fleurs\\\/#breadcrumb\",\"itemListElement\":[{\"@type\":\"ListItem\",\"position\":1,\"name\":\"Accueil\",\"item\":\"https:\\\/\\\/jardinierparesseux.com\\\/\"},{\"@type\":\"ListItem\",\"position\":2,\"name\":\"Tasse en c\u00e9ramique blanche 325 ml (11 oz) &#8211; Le paresseux dans les fleurs\"}]},{\"@type\":\"WebSite\",\"@id\":\"https:\\\/\\\/jardinierparesseux.com\\\/#website\",\"url\":\"https:\\\/\\\/jardinierparesseux.com\\\/\",\"name\":\"Jardinier paresseux\",\"description\":\"Tout sur le jardinage facile\",\"publisher\":{\"@id\":\"https:\\\/\\\/jardinierparesseux.com\\\/#organization\"},\"potentialAction\":[{\"@type\":\"SearchAction\",\"target\":{\"@type\":\"EntryPoint\",\"urlTemplate\":\"https:\\\/\\\/jardinierparesseux.com\\\/?s={search_term_string}\"},\"query-input\":{\"@type\":\"PropertyValueSpecification\",\"valueRequired\":true,\"valueName\":\"search_term_string\"}}],\"inLanguage\":\"en-US\"},{\"@type\":\"Organization\",\"@id\":\"https:\\\/\\\/jardinierparesseux.com\\\/#organization\",\"name\":\"Jardinier paresseux\",\"url\":\"https:\\\/\\\/jardinierparesseux.com\\\/\",\"logo\":{\"@type\":\"ImageObject\",\"inLanguage\":\"en-US\",\"@id\":\"https:\\\/\\\/jardinierparesseux.com\\\/#\\\/schema\\\/logo\\\/image\\\/\",\"url\":\"https:\\\/\\\/jardinierparesseux.com\\\/wp-content\\\/uploads\\\/2022\\\/09\\\/1635773685d9152dd35893543520e6f5.png\",\"contentUrl\":\"https:\\\/\\\/jardinierparesseux.com\\\/wp-content\\\/uploads\\\/2022\\\/09\\\/1635773685d9152dd35893543520e6f5.png\",\"width\":256,\"height\":256,\"caption\":\"Jardinier paresseux\"},\"image\":{\"@id\":\"https:\\\/\\\/jardinierparesseux.com\\\/#\\\/schema\\\/logo\\\/image\\\/\"},\"sameAs\":[\"https:\\\/\\\/www.facebook.com\\\/JardinierParesseux\",\"https:\\\/\\\/x.com\\\/jardinierpares1\",\"https:\\\/\\\/www.instagram.com\\\/jardinierparesseux\\\/\"]}]}<\/script>\n<!-- \/ Yoast SEO Premium plugin. -->","yoast_head_json":{"title":"Tasse en c\u00e9ramique blanche 325 ml (11 oz) - Le paresseux dans les fleurs - Jardinier paresseux","robots":{"index":"index","follow":"follow","max-snippet":"max-snippet:-1","max-image-preview":"max-image-preview:large","max-video-preview":"max-video-preview:-1"},"canonical":"https:\/\/jardinierparesseux.com\/en\/produit\/le-paresseux-dans-les-fleurs\/","og_locale":"en_US","og_type":"article","og_title":"Tasse en c\u00e9ramique blanche 325 ml (11 oz) - Le paresseux dans les fleurs","og_description":"Superbe tasse vivante et color\u00e9e.&nbsp;","og_url":"https:\/\/jardinierparesseux.com\/en\/produit\/le-paresseux-dans-les-fleurs\/","og_site_name":"Jardinier paresseux","article_publisher":"https:\/\/www.facebook.com\/JardinierParesseux","article_modified_time":"2023-07-20T17:46:57+00:00","og_image":[{"width":2048,"height":2048,"url":"https:\/\/jardinierparesseux.com\/wp-content\/uploads\/2023\/06\/0d128a95-300c-44b0-948e-0675022cb591.jpg","type":"image\/jpeg"}],"twitter_card":"summary_large_image","twitter_site":"@jardinierpares1","schema":{"@context":"https:\/\/schema.org","@graph":[{"@type":"WebPage","@id":"https:\/\/jardinierparesseux.com\/en\/produit\/le-paresseux-dans-les-fleurs\/","url":"https:\/\/jardinierparesseux.com\/en\/produit\/le-paresseux-dans-les-fleurs\/","name":"Tasse en c\u00e9ramique blanche 325 ml (11 oz) - Le paresseux dans les fleurs - Jardinier paresseux","isPartOf":{"@id":"https:\/\/jardinierparesseux.com\/#website"},"primaryImageOfPage":{"@id":"https:\/\/jardinierparesseux.com\/en\/produit\/le-paresseux-dans-les-fleurs\/#primaryimage"},"image":{"@id":"https:\/\/jardinierparesseux.com\/en\/produit\/le-paresseux-dans-les-fleurs\/#primaryimage"},"thumbnailUrl":"https:\/\/jardinierparesseux.com\/wp-content\/uploads\/2023\/06\/0d128a95-300c-44b0-948e-0675022cb591.jpg","datePublished":"2023-06-05T12:38:12+00:00","dateModified":"2023-07-20T17:46:57+00:00","breadcrumb":{"@id":"https:\/\/jardinierparesseux.com\/en\/produit\/le-paresseux-dans-les-fleurs\/#breadcrumb"},"inLanguage":"en-US","potentialAction":[{"@type":"ReadAction","target":["https:\/\/jardinierparesseux.com\/en\/produit\/le-paresseux-dans-les-fleurs\/"]}]},{"@type":"ImageObject","inLanguage":"en-US","@id":"https:\/\/jardinierparesseux.com\/en\/produit\/le-paresseux-dans-les-fleurs\/#primaryimage","url":"https:\/\/jardinierparesseux.com\/wp-content\/uploads\/2023\/06\/0d128a95-300c-44b0-948e-0675022cb591.jpg","contentUrl":"https:\/\/jardinierparesseux.com\/wp-content\/uploads\/2023\/06\/0d128a95-300c-44b0-948e-0675022cb591.jpg","width":2048,"height":2048,"caption":"0d128a95-300c-44b0-948e-0675022cb591"},{"@type":"BreadcrumbList","@id":"https:\/\/jardinierparesseux.com\/en\/produit\/le-paresseux-dans-les-fleurs\/#breadcrumb","itemListElement":[{"@type":"ListItem","position":1,"name":"Accueil","item":"https:\/\/jardinierparesseux.com\/"},{"@type":"ListItem","position":2,"name":"Tasse en c\u00e9ramique blanche 325 ml (11 oz) &#8211; Le paresseux dans les fleurs"}]},{"@type":"WebSite","@id":"https:\/\/jardinierparesseux.com\/#website","url":"https:\/\/jardinierparesseux.com\/","name":"Jardinier paresseux","description":"Tout sur le jardinage facile","publisher":{"@id":"https:\/\/jardinierparesseux.com\/#organization"},"potentialAction":[{"@type":"SearchAction","target":{"@type":"EntryPoint","urlTemplate":"https:\/\/jardinierparesseux.com\/?s={search_term_string}"},"query-input":{"@type":"PropertyValueSpecification","valueRequired":true,"valueName":"search_term_string"}}],"inLanguage":"en-US"},{"@type":"Organization","@id":"https:\/\/jardinierparesseux.com\/#organization","name":"Jardinier paresseux","url":"https:\/\/jardinierparesseux.com\/","logo":{"@type":"ImageObject","inLanguage":"en-US","@id":"https:\/\/jardinierparesseux.com\/#\/schema\/logo\/image\/","url":"https:\/\/jardinierparesseux.com\/wp-content\/uploads\/2022\/09\/1635773685d9152dd35893543520e6f5.png","contentUrl":"https:\/\/jardinierparesseux.com\/wp-content\/uploads\/2022\/09\/1635773685d9152dd35893543520e6f5.png","width":256,"height":256,"caption":"Jardinier paresseux"},"image":{"@id":"https:\/\/jardinierparesseux.com\/#\/schema\/logo\/image\/"},"sameAs":["https:\/\/www.facebook.com\/JardinierParesseux","https:\/\/x.com\/jardinierpares1","https:\/\/www.instagram.com\/jardinierparesseux\/"]}]}},"jetpack_publicize_connections":[],"jetpack_likes_enabled":true,"jetpack_sharing_enabled":true,"jetpack-related-posts":[{"id":99614,"url":"https:\/\/jardinierparesseux.com\/en\/produit\/jardinier-paresseux-larry-hodgson\/","url_meta":{"origin":99611,"position":0},"title":"Tasse en c\u00e9ramique blanche 325 ml (11 oz) &#8211; Larry Hodgson","author":"mebweb_jardinier","date":"5 June 2023","format":false,"excerpt":"\u00abComme tout fini par s'arranger, pourquoi faire des efforts?\u00bb","rel":"","context":"Similar post","block_context":{"text":"Similar post","link":""},"img":{"alt_text":"","src":"https:\/\/i0.wp.com\/jardinierparesseux.com\/wp-content\/uploads\/2023\/06\/bf108b9b-7278-4b98-8769-810725b54dea.jpg?resize=350%2C200&ssl=1","width":350,"height":200,"srcset":"https:\/\/i0.wp.com\/jardinierparesseux.com\/wp-content\/uploads\/2023\/06\/bf108b9b-7278-4b98-8769-810725b54dea.jpg?resize=350%2C200&ssl=1 1x, https:\/\/i0.wp.com\/jardinierparesseux.com\/wp-content\/uploads\/2023\/06\/bf108b9b-7278-4b98-8769-810725b54dea.jpg?resize=525%2C300&ssl=1 1.5x, https:\/\/i0.wp.com\/jardinierparesseux.com\/wp-content\/uploads\/2023\/06\/bf108b9b-7278-4b98-8769-810725b54dea.jpg?resize=700%2C400&ssl=1 2x, https:\/\/i0.wp.com\/jardinierparesseux.com\/wp-content\/uploads\/2023\/06\/bf108b9b-7278-4b98-8769-810725b54dea.jpg?resize=1050%2C600&ssl=1 3x, https:\/\/i0.wp.com\/jardinierparesseux.com\/wp-content\/uploads\/2023\/06\/bf108b9b-7278-4b98-8769-810725b54dea.jpg?resize=1400%2C800&ssl=1 4x"},"classes":[]},{"id":101362,"url":"https:\/\/jardinierparesseux.com\/en\/produit\/coton-ouate-a-capuche-unisexe-a-fermeture-eclair-je-suis-un-jardinier-paresseux\/","url_meta":{"origin":99611,"position":1},"title":"Coton ouat\u00e9 \u00e0 capuche unisexe \u00e0 fermeture \u00e9clair &#8211; Je suis un jardinier paresseux","author":"mebweb_jardinier","date":"20 July 2023","format":false,"excerpt":"Vous ne pouvez jamais vous tromper avec un indispensable\u00a0coton ouat\u00e9\u00a0\u00e0 capuche avec fermeture \u00e9clair. G\u00e9nial ! Pour les journ\u00e9es fra\u00eeches, il est \u00e0 la fois \u00e9l\u00e9gant et confortable. - Parfait pour les clients soucieux de l'environnement - M\u00e9lange de coton biologique et de polyester recycl\u00e9 - Coupe classique - 300\u2026","rel":"","context":"Similar post","block_context":{"text":"Similar post","link":""},"img":{"alt_text":"842ce3d9-dc0a-499b-be59-cfd6a05e67f3","src":"https:\/\/i0.wp.com\/jardinierparesseux.com\/wp-content\/uploads\/2023\/07\/842ce3d9-dc0a-499b-be59-cfd6a05e67f3.jpg?resize=350%2C200&ssl=1","width":350,"height":200,"srcset":"https:\/\/i0.wp.com\/jardinierparesseux.com\/wp-content\/uploads\/2023\/07\/842ce3d9-dc0a-499b-be59-cfd6a05e67f3.jpg?resize=350%2C200&ssl=1 1x, https:\/\/i0.wp.com\/jardinierparesseux.com\/wp-content\/uploads\/2023\/07\/842ce3d9-dc0a-499b-be59-cfd6a05e67f3.jpg?resize=525%2C300&ssl=1 1.5x, https:\/\/i0.wp.com\/jardinierparesseux.com\/wp-content\/uploads\/2023\/07\/842ce3d9-dc0a-499b-be59-cfd6a05e67f3.jpg?resize=700%2C400&ssl=1 2x, https:\/\/i0.wp.com\/jardinierparesseux.com\/wp-content\/uploads\/2023\/07\/842ce3d9-dc0a-499b-be59-cfd6a05e67f3.jpg?resize=1050%2C600&ssl=1 3x, https:\/\/i0.wp.com\/jardinierparesseux.com\/wp-content\/uploads\/2023\/07\/842ce3d9-dc0a-499b-be59-cfd6a05e67f3.jpg?resize=1400%2C800&ssl=1 4x"},"classes":[]},{"id":101302,"url":"https:\/\/jardinierparesseux.com\/en\/produit\/coton-ouate-a-capuche-unisexe-jardinier-paresseux\/","url_meta":{"origin":99611,"position":2},"title":"Coton ouat\u00e9 \u00e0 capuche unisexe &#8211; Jardinier paresseux","author":"mebweb_jardinier","date":"20 July 2023","format":false,"excerpt":"\u00a0 Un coton ouat\u00e9 \u00e0 capuche classique avec une grande poche avant et des cordons de couleur assortie. Tricot\u00e9 en molleton pr\u00e9-r\u00e9tr\u00e9ci La filature \u00e0 jet d'air donne un toucher plus doux et r\u00e9duit le boulochage Capuche doubl\u00e9e avec un cordon de serrage de couleur assortie \u00c9tiquette d\u00e9tachable Surpiq\u00fbre \u00e0\u2026","rel":"","context":"Similar post","block_context":{"text":"Similar post","link":""},"img":{"alt_text":"1d2e1856-5eb2-49ab-a535-13dfef45b009","src":"https:\/\/i0.wp.com\/jardinierparesseux.com\/wp-content\/uploads\/2023\/07\/1d2e1856-5eb2-49ab-a535-13dfef45b009.jpg?resize=350%2C200&ssl=1","width":350,"height":200,"srcset":"https:\/\/i0.wp.com\/jardinierparesseux.com\/wp-content\/uploads\/2023\/07\/1d2e1856-5eb2-49ab-a535-13dfef45b009.jpg?resize=350%2C200&ssl=1 1x, https:\/\/i0.wp.com\/jardinierparesseux.com\/wp-content\/uploads\/2023\/07\/1d2e1856-5eb2-49ab-a535-13dfef45b009.jpg?resize=525%2C300&ssl=1 1.5x, https:\/\/i0.wp.com\/jardinierparesseux.com\/wp-content\/uploads\/2023\/07\/1d2e1856-5eb2-49ab-a535-13dfef45b009.jpg?resize=700%2C400&ssl=1 2x, https:\/\/i0.wp.com\/jardinierparesseux.com\/wp-content\/uploads\/2023\/07\/1d2e1856-5eb2-49ab-a535-13dfef45b009.jpg?resize=1050%2C600&ssl=1 3x, https:\/\/i0.wp.com\/jardinierparesseux.com\/wp-content\/uploads\/2023\/07\/1d2e1856-5eb2-49ab-a535-13dfef45b009.jpg?resize=1400%2C800&ssl=1 4x"},"classes":[]},{"id":101332,"url":"https:\/\/jardinierparesseux.com\/en\/produit\/coton-ouate-a-capuche-unisexe-classique-a-fermeture-eclair\/","url_meta":{"origin":99611,"position":3},"title":"Coton ouat\u00e9 \u00e0 capuche unisexe classique \u00e0 fermeture \u00e9clair","author":"mebweb_jardinier","date":"20 July 2023","format":false,"excerpt":"Vous ne pouvez jamais vous tromper avec un indispensable\u00a0coton ouat\u00e9\u00a0\u00e0 capuche avec fermeture \u00e9clair. G\u00e9nial ! Pour les journ\u00e9es fra\u00eeches, il est \u00e0 la fois \u00e9l\u00e9gant et confortable. - Parfait pour les clients soucieux de l'environnement - M\u00e9lange de coton biologique et de polyester recycl\u00e9 - Coupe classique - 300\u2026","rel":"","context":"Similar post","block_context":{"text":"Similar post","link":""},"img":{"alt_text":"ff9e9d72-5047-4a90-b72f-da7ee04ca8c7","src":"https:\/\/i0.wp.com\/jardinierparesseux.com\/wp-content\/uploads\/2023\/07\/ff9e9d72-5047-4a90-b72f-da7ee04ca8c7.jpg?resize=350%2C200&ssl=1","width":350,"height":200,"srcset":"https:\/\/i0.wp.com\/jardinierparesseux.com\/wp-content\/uploads\/2023\/07\/ff9e9d72-5047-4a90-b72f-da7ee04ca8c7.jpg?resize=350%2C200&ssl=1 1x, https:\/\/i0.wp.com\/jardinierparesseux.com\/wp-content\/uploads\/2023\/07\/ff9e9d72-5047-4a90-b72f-da7ee04ca8c7.jpg?resize=525%2C300&ssl=1 1.5x, https:\/\/i0.wp.com\/jardinierparesseux.com\/wp-content\/uploads\/2023\/07\/ff9e9d72-5047-4a90-b72f-da7ee04ca8c7.jpg?resize=700%2C400&ssl=1 2x, https:\/\/i0.wp.com\/jardinierparesseux.com\/wp-content\/uploads\/2023\/07\/ff9e9d72-5047-4a90-b72f-da7ee04ca8c7.jpg?resize=1050%2C600&ssl=1 3x, https:\/\/i0.wp.com\/jardinierparesseux.com\/wp-content\/uploads\/2023\/07\/ff9e9d72-5047-4a90-b72f-da7ee04ca8c7.jpg?resize=1400%2C800&ssl=1 4x"},"classes":[]},{"id":99497,"url":"https:\/\/jardinierparesseux.com\/en\/produit\/je-suis-un-jardinier-paresseux\/","url_meta":{"origin":99611,"position":4},"title":"T-shirt unisexe classique ras du cou &#8211; Jardinier paresseux","author":"mebweb_jardinier","date":"5 June 2023","format":false,"excerpt":"Un t-shirt unisexe classique qui est assorti avec n'importe quelle tenue. Fabriqu\u00e9 en coton plus \u00e9pais avec un col et des manches \u00e0 double couture.- \u00c9paules roul\u00e9es vers l'avant pour un meilleur ajustement- Manches ajust\u00e9es avec style- Col cousu \u00e0 aiguille double- Col et \u00e9paules coll\u00e9s pour plus de r\u00e9sistance-\u2026","rel":"","context":"Similar post","block_context":{"text":"Similar post","link":""},"img":{"alt_text":"c34e8100-e06b-4a1f-87e1-0f896b836e25","src":"https:\/\/i0.wp.com\/jardinierparesseux.com\/wp-content\/uploads\/2023\/06\/c34e8100-e06b-4a1f-87e1-0f896b836e25.jpg?resize=350%2C200&ssl=1","width":350,"height":200,"srcset":"https:\/\/i0.wp.com\/jardinierparesseux.com\/wp-content\/uploads\/2023\/06\/c34e8100-e06b-4a1f-87e1-0f896b836e25.jpg?resize=350%2C200&ssl=1 1x, https:\/\/i0.wp.com\/jardinierparesseux.com\/wp-content\/uploads\/2023\/06\/c34e8100-e06b-4a1f-87e1-0f896b836e25.jpg?resize=525%2C300&ssl=1 1.5x, https:\/\/i0.wp.com\/jardinierparesseux.com\/wp-content\/uploads\/2023\/06\/c34e8100-e06b-4a1f-87e1-0f896b836e25.jpg?resize=700%2C400&ssl=1 2x, https:\/\/i0.wp.com\/jardinierparesseux.com\/wp-content\/uploads\/2023\/06\/c34e8100-e06b-4a1f-87e1-0f896b836e25.jpg?resize=1050%2C600&ssl=1 3x, https:\/\/i0.wp.com\/jardinierparesseux.com\/wp-content\/uploads\/2023\/06\/c34e8100-e06b-4a1f-87e1-0f896b836e25.jpg?resize=1400%2C800&ssl=1 4x"},"classes":[]},{"id":99584,"url":"https:\/\/jardinierparesseux.com\/en\/produit\/cest-le-printemps\/","url_meta":{"origin":99611,"position":5},"title":"T-shirt unisexe classique ras du cou &#8211; Je suis un jardinier paresseux","author":"mebweb_jardinier","date":"5 June 2023","format":false,"excerpt":"Un t-shirt unisexe classique qui est assorti avec n'importe quelle tenue. Fabriqu\u00e9 en coton plus \u00e9pais avec un col et des manches \u00e0 double couture.- \u00c9paules roul\u00e9es vers l'avant pour un meilleur ajustement- Manches ajust\u00e9es avec style- Col cousu \u00e0 aiguille double- Col et \u00e9paules coll\u00e9s pour plus de r\u00e9sistance-\u2026","rel":"","context":"Similar post","block_context":{"text":"Similar post","link":""},"img":{"alt_text":"ad13095a-32c0-4d71-ac94-e133611bf77e","src":"https:\/\/i0.wp.com\/jardinierparesseux.com\/wp-content\/uploads\/2023\/07\/ad13095a-32c0-4d71-ac94-e133611bf77e.jpg?resize=350%2C200&ssl=1","width":350,"height":200,"srcset":"https:\/\/i0.wp.com\/jardinierparesseux.com\/wp-content\/uploads\/2023\/07\/ad13095a-32c0-4d71-ac94-e133611bf77e.jpg?resize=350%2C200&ssl=1 1x, https:\/\/i0.wp.com\/jardinierparesseux.com\/wp-content\/uploads\/2023\/07\/ad13095a-32c0-4d71-ac94-e133611bf77e.jpg?resize=525%2C300&ssl=1 1.5x, https:\/\/i0.wp.com\/jardinierparesseux.com\/wp-content\/uploads\/2023\/07\/ad13095a-32c0-4d71-ac94-e133611bf77e.jpg?resize=700%2C400&ssl=1 2x, https:\/\/i0.wp.com\/jardinierparesseux.com\/wp-content\/uploads\/2023\/07\/ad13095a-32c0-4d71-ac94-e133611bf77e.jpg?resize=1050%2C600&ssl=1 3x, https:\/\/i0.wp.com\/jardinierparesseux.com\/wp-content\/uploads\/2023\/07\/ad13095a-32c0-4d71-ac94-e133611bf77e.jpg?resize=1400%2C800&ssl=1 4x"},"classes":[]}],"_links":{"self":[{"href":"https:\/\/jardinierparesseux.com\/en\/wp-json\/wp\/v2\/product\/99611","targetHints":{"allow":["GET"]}}],"collection":[{"href":"https:\/\/jardinierparesseux.com\/en\/wp-json\/wp\/v2\/product"}],"about":[{"href":"https:\/\/jardinierparesseux.com\/en\/wp-json\/wp\/v2\/types\/product"}],"replies":[{"embeddable":true,"href":"https:\/\/jardinierparesseux.com\/en\/wp-json\/wp\/v2\/comments?post=99611"}],"wp:featuredmedia":[{"embeddable":true,"href":"https:\/\/jardinierparesseux.com\/en\/wp-json\/wp\/v2\/media\/99612"}],"wp:attachment":[{"href":"https:\/\/jardinierparesseux.com\/en\/wp-json\/wp\/v2\/media?parent=99611"}],"wp:term":[{"taxonomy":"product_brand","embeddable":true,"href":"https:\/\/jardinierparesseux.com\/en\/wp-json\/wp\/v2\/product_brand?post=99611"},{"taxonomy":"product_cat","embeddable":true,"href":"https:\/\/jardinierparesseux.com\/en\/wp-json\/wp\/v2\/product_cat?post=99611"},{"taxonomy":"product_tag","embeddable":true,"href":"https:\/\/jardinierparesseux.com\/en\/wp-json\/wp\/v2\/product_tag?post=99611"}],"curies":[{"name":"wp","href":"https:\/\/api.w.org\/{rel}","templated":true}]}}